{"id":3755,"date":"2026-04-21T12:45:00","date_gmt":"2026-04-21T12:45:00","guid":{"rendered":"http:\/\/infosec-daily.com\/?page_id=3755"},"modified":"2026-04-21T12:45:00","modified_gmt":"2026-04-21T12:45:00","slug":"ngate-campaign-targets-brazil-trojanizes-handypay-to-steal-nfc-data-and-pins","status":"publish","type":"page","link":"https:\/\/infosec-daily.com\/?page_id=3755","title":{"rendered":"NGate Campaign Targets Brazil, Trojanizes HandyPay to Steal NFC Data and PINs"},"content":{"rendered":"<p>Cybersecurity researchers have discovered a new iteration of an Android malware family called\u00a0NGate\u00a0that has been found to abuse a legitimate application called\u00a0HandyPay instead of NFCGate.<br \/>\n&#8220;The threat actors took the app, which is used to relay NFC data, and patched it with malicious code that appears to have been AI-generated,&#8221; ESET security researcher Luk\u00e1\u0161 \u0160tefanko said in a<\/p>","protected":false},"excerpt":{"rendered":"<p>Cybersecurity researchers have discovered a new iteration of an Android malware family called\u00a0NGate\u00a0that has been found to abuse a legitimate application called\u00a0HandyPay instead of NFCGate. &#8220;The threat actors took the&hellip;<\/p>\n","protected":false},"author":1,"featured_media":3756,"parent":0,"menu_order":0,"comment_status":"closed","ping_status":"closed","template":"","meta":{"saved_in_kubio":false,"footnotes":""},"class_list":["post-3755","page","type-page","status-publish","has-post-thumbnail","hentry"],"kubio_ai_page_context":{"short_desc":"","purpose":"general"},"_links":{"self":[{"href":"https:\/\/infosec-daily.com\/index.php?rest_route=\/wp\/v2\/pages\/3755","targetHints":{"allow":["GET"]}}],"collection":[{"href":"https:\/\/infosec-daily.com\/index.php?rest_route=\/wp\/v2\/pages"}],"about":[{"href":"https:\/\/infosec-daily.com\/index.php?rest_route=\/wp\/v2\/types\/page"}],"author":[{"embeddable":true,"href":"https:\/\/infosec-daily.com\/index.php?rest_route=\/wp\/v2\/users\/1"}],"replies":[{"embeddable":true,"href":"https:\/\/infosec-daily.com\/index.php?rest_route=%2Fwp%2Fv2%2Fcomments&post=3755"}],"version-history":[{"count":0,"href":"https:\/\/infosec-daily.com\/index.php?rest_route=\/wp\/v2\/pages\/3755\/revisions"}],"wp:featuredmedia":[{"embeddable":true,"href":"https:\/\/infosec-daily.com\/index.php?rest_route=\/wp\/v2\/media\/3756"}],"wp:attachment":[{"href":"https:\/\/infosec-daily.com\/index.php?rest_route=%2Fwp%2Fv2%2Fmedia&parent=3755"}],"curies":[{"name":"wp","href":"https:\/\/api.w.org\/{rel}","templated":true}]}}