{"id":594,"date":"2025-06-18T14:18:00","date_gmt":"2025-06-18T14:18:00","guid":{"rendered":"https:\/\/infosec-daily.com\/?page_id=594"},"modified":"2025-06-18T14:18:00","modified_gmt":"2025-06-18T14:18:00","slug":"1500-minecraft-players-infected-by-java-malware-masquerading-as-game-mods-on-github","status":"publish","type":"page","link":"https:\/\/infosec-daily.com\/?page_id=594","title":{"rendered":"1,500+ Minecraft Players Infected by Java Malware Masquerading as Game Mods on GitHub"},"content":{"rendered":"<p>A new multi-stage malware campaign is targeting Minecraft users with a Java-based malware that employs a distribution-as-service (DaaS) offering called Stargazers Ghost Network.<br \/>\n&#8220;The campaigns resulted in a multi-stage attack chain targeting Minecraft users specifically,&#8221; Check Point researchers Jarom\u00edr Ho\u0159ej\u0161\u00ed and Antonis Terefos said in a report shared with The Hacker News.<br \/>\n&#8220;The malware was<\/p>","protected":false},"excerpt":{"rendered":"<p>A new multi-stage malware campaign is targeting Minecraft users with a Java-based malware that employs a distribution-as-service (DaaS) offering called Stargazers Ghost Network. &#8220;The campaigns resulted in a multi-stage attack&hellip;<\/p>\n","protected":false},"author":1,"featured_media":595,"parent":0,"menu_order":0,"comment_status":"closed","ping_status":"closed","template":"","meta":{"saved_in_kubio":false,"footnotes":""},"class_list":["post-594","page","type-page","status-publish","has-post-thumbnail","hentry"],"kubio_ai_page_context":{"short_desc":"","purpose":"general"},"_links":{"self":[{"href":"https:\/\/infosec-daily.com\/index.php?rest_route=\/wp\/v2\/pages\/594","targetHints":{"allow":["GET"]}}],"collection":[{"href":"https:\/\/infosec-daily.com\/index.php?rest_route=\/wp\/v2\/pages"}],"about":[{"href":"https:\/\/infosec-daily.com\/index.php?rest_route=\/wp\/v2\/types\/page"}],"author":[{"embeddable":true,"href":"https:\/\/infosec-daily.com\/index.php?rest_route=\/wp\/v2\/users\/1"}],"replies":[{"embeddable":true,"href":"https:\/\/infosec-daily.com\/index.php?rest_route=%2Fwp%2Fv2%2Fcomments&post=594"}],"version-history":[{"count":0,"href":"https:\/\/infosec-daily.com\/index.php?rest_route=\/wp\/v2\/pages\/594\/revisions"}],"wp:featuredmedia":[{"embeddable":true,"href":"https:\/\/infosec-daily.com\/index.php?rest_route=\/wp\/v2\/media\/595"}],"wp:attachment":[{"href":"https:\/\/infosec-daily.com\/index.php?rest_route=%2Fwp%2Fv2%2Fmedia&parent=594"}],"curies":[{"name":"wp","href":"https:\/\/api.w.org\/{rel}","templated":true}]}}